{"id":7140,"date":"2025-09-11T08:15:29","date_gmt":"2025-09-11T08:15:29","guid":{"rendered":"https:\/\/www.zootsolutions.eu\/ressourcen\/"},"modified":"2026-04-02T17:41:11","modified_gmt":"2026-04-02T17:41:11","slug":"ressourcen","status":"publish","type":"page","link":"https:\/\/www.zootsolutions.eu\/de\/ressourcen\/","title":{"rendered":"Ressourcen"},"content":{"rendered":"<p>[et_pb_section fb_built=&#8220;1&#8243; _builder_version=&#8220;4.27.4&#8243; _module_preset=&#8220;default&#8220; background_color=&#8220;#F9FAFB&#8220; custom_padding=&#8220;0px||0px||false|false&#8220; global_colors_info=&#8220;{}&#8220;][et_pb_row _builder_version=&#8220;4.27.4&#8243; _module_preset=&#8220;default&#8220; width=&#8220;100%&#8220; max_width=&#8220;1280px&#8220; custom_padding=&#8220;9px|32px|9px|32px|true|true&#8220; locked=&#8220;off&#8220; global_colors_info=&#8220;{}&#8220;][et_pb_column type=&#8220;4_4&#8243; _builder_version=&#8220;4.27.4&#8243; _module_preset=&#8220;default&#8220; global_colors_info=&#8220;{}&#8220;][dsm_breadcrumbs admin_label=&#8220;Capabilities Breadcrumbs&#8220; _builder_version=&#8220;4.27.4&#8243; _module_preset=&#8220;_initial&#8220; global_colors_info=&#8220;{}&#8220;][\/dsm_breadcrumbs][\/et_pb_column][\/et_pb_row][et_pb_row custom_padding_last_edited=&#8220;off|tablet&#8220; _builder_version=&#8220;4.27.4&#8243; _module_preset=&#8220;default&#8220; width=&#8220;100%&#8220; max_width=&#8220;717px&#8220; custom_padding=&#8220;96px|32px|96px|32px|true|true&#8220; custom_padding_tablet=&#8220;||||true|false&#8220; global_colors_info=&#8220;{}&#8220;][et_pb_column type=&#8220;4_4&#8243; _builder_version=&#8220;4.27.4&#8243; _module_preset=&#8220;default&#8220; global_colors_info=&#8220;{}&#8220;][et_pb_text admin_label=&#8220;Intro Text&#8220; _builder_version=&#8220;4.27.4&#8243; _module_preset=&#8220;default&#8220; text_font=&#8220;Mulish||||||||&#8220; text_text_color=&#8220;#333333&#8243; text_font_size=&#8220;2rem&#8220; text_line_height=&#8220;3rem&#8220; header_font=&#8220;Mulish|700||on|||||&#8220; header_text_color=&#8220;#333333&#8243; header_font_size=&#8220;2.4rem&#8220; header_letter_spacing=&#8220;-0.48px&#8220; header_line_height=&#8220;2.8rem&#8220; custom_margin=&#8220;||0px||false|false&#8220; custom_padding=&#8220;||59px||false|false&#8220; custom_css_free_form=&#8220;h1 {||  padding-bottom: 12px;||}&#8220; global_colors_info=&#8220;{}&#8220;]<\/p>\n<h1>Ressourcen<\/h1>\n<p class=\"p1\">Ob Whitepaper, Fachartikel, Blogbeitr\u00e4ge oder Videos \u2013 hier steht eine breite Sammlung wertvoller Inhalte bereit. Die Ressourcen liefern fundierte Einblicke und helfen, bessere Entscheidungen zu treffen.<\/p>\n<p>[\/et_pb_text][et_pb_button button_url=&#8220;#sectionAnchor&#8220; button_text=&#8220;Jetzt erkunden&#8220; admin_label=&#8220;Start Exploring BTN&#8220; _builder_version=&#8220;4.27.4&#8243; _module_preset=&#8220;default&#8220; custom_button=&#8220;on&#8220; button_text_size=&#8220;1.8rem&#8220; button_text_color=&#8220;#293868&#8243; button_bg_color=&#8220;RGBA(255,255,255,0)&#8220; button_border_color=&#8220;RGBA(255,255,255,0)&#8220; button_border_radius=&#8220;0px&#8220; button_font=&#8220;Mulish|700|||||||&#8220; button_icon=&#8220;&#x27;||divi||400&#8243; button_on_hover=&#8220;off&#8220; custom_padding=&#8220;11px||15px|0px|false|false&#8220; custom_css_after=&#8220;content: url(&#8218;https:\/\/www.zootsolutions.eu\/wp-content\/uploads\/2025\/09\/Zoot-arrow-icon_PC.svg&#8216;) !important;||height: 24px;||margin: 2px 0px 0px 8px !important;||transition: transform 0.3s ease, opacity 0.3s ease;&#8220; global_colors_info=&#8220;{}&#8220; button_bg_color__hover_enabled=&#8220;on|hover&#8220; custom_css_after__hover_enabled=&#8220;on|desktop&#8220; custom_css_after__hover=&#8220;transform: translate(2px, 4px);&#8220; button_bg_color__hover=&#8220;RGBA(255,255,255,0)&#8220;][\/et_pb_button][\/et_pb_column][\/et_pb_row][\/et_pb_section][et_pb_section fb_built=&#8220;1&#8243; custom_padding_last_edited=&#8220;on|phone&#8220; module_id=&#8220;sectionAnchor&#8220; _builder_version=&#8220;4.27.4&#8243; _module_preset=&#8220;default&#8220; custom_padding=&#8220;108px||154px||false|false&#8220; custom_padding_tablet=&#8220;108px||154px||false|false&#8220; custom_padding_phone=&#8220;80px||80px||true|false&#8220; global_colors_info=&#8220;{}&#8220;][et_pb_row column_structure=&#8220;1_2,1_2&#8243; use_custom_gutter=&#8220;on&#8220; gutter_width=&#8220;2&#8243; _builder_version=&#8220;4.27.4&#8243; _module_preset=&#8220;default&#8220; width=&#8220;100%&#8220; max_width=&#8220;1280px&#8220; custom_padding=&#8220;|32px||32px|false|true&#8220; global_colors_info=&#8220;{}&#8220;][et_pb_column type=&#8220;1_2&#8243; _builder_version=&#8220;4.27.4&#8243; _module_preset=&#8220;default&#8220; custom_padding=&#8220;||||false|false&#8220; global_colors_info=&#8220;{}&#8220;][dsm_card title=&#8220;Kundenerfolg&#8220; layout=&#8220;inline&#8220; layout_inline_image_width=&#8220;144px&#8220; image=&#8220;https:\/\/www.zootsolutions.eu\/wp-content\/uploads\/2025\/10\/Customers.webp&#8220; image_as_background=&#8220;off&#8220; image_width=&#8220;144px&#8220; stretch_image=&#8220;off&#8220; badge_padding=&#8220;|15px|7px|15px|false|false&#8220; content_padding=&#8220;0px|0px|0px|20px|false|false&#8220; button_url=&#8220;#&#8220; button_url_new_window=&#8220;1&#8243; layout_tablet=&#8220;inline&#8220; layout_phone=&#8220;stacked&#8220; layout_last_edited=&#8220;on|desktop&#8220; layout_inline_image_width_last_edited=&#8220;off|desktop&#8220; image_alignment_tablet=&#8220;&#8220; image_alignment_phone=&#8220;center&#8220; image_alignment_last_edited=&#8220;on|phone&#8220; content_padding_tablet=&#8220;0px|0px|0px|20px|false|false&#8220; content_padding_phone=&#8220;20px|0px|0px|0px|false|false&#8220; content_padding_last_edited=&#8220;on|phone&#8220; admin_label=&#8220;Banking Card&#8220; module_class=&#8220;horzCard &#8220; _builder_version=&#8220;4.27.5&#8243; _module_preset=&#8220;default&#8220; header_font=&#8220;Museo Sans &#8211; Bold||||||||&#8220; header_text_color=&#8220;#293868&#8243; header_font_size=&#8220;1.6rem&#8220; header_line_height=&#8220;2.4rem&#8220; body_font=&#8220;Museo Sans &#8211; Regular||||||||&#8220; body_text_color=&#8220;#293868&#8243; body_font_size=&#8220;1.4rem&#8220; body_line_height=&#8220;2rem&#8220; background_color=&#8220;#F9FAFB&#8220; custom_button=&#8220;on&#8220; custom_margin=&#8220;||||false|false&#8220; custom_padding=&#8220;8px|10px|8px|10px|true|true&#8220; link_option_url=&#8220;\/de\/ressourcen\/kundenerfolg\/&#8220; header_text_align_tablet=&#8220;&#8220; header_text_align_phone=&#8220;center&#8220; header_text_align_last_edited=&#8220;on|phone&#8220; body_text_align_tablet=&#8220;&#8220; body_text_align_phone=&#8220;center&#8220; body_text_align_last_edited=&#8220;on|phone&#8220; custom_css_after=&#8220;content: url(\/wp-content\/uploads\/2025\/09\/Zoot-up-arrow-icon_PC.svg);||display: block;||height: 24px;||position: absolute;||right: 30px;||bottom: 20px;||transition: transform 0.3s ease, opacity 0.3s ease;&#8220; custom_css_free_form=&#8220;@media only screen and (max-width: 767px) {||  selector .dsm_card_description {||  width: 100%;||}||}||&#8220; border_radii=&#8220;on|8px|8px|8px|8px&#8220; border_radii_image=&#8220;on|8px|8px|8px|8px&#8220; global_colors_info=&#8220;{}&#8220; button_bg_color__hover_enabled=&#8220;off|desktop&#8220; custom_css_after__hover_enabled=&#8220;on|desktop&#8220; custom_css_after__hover=&#8220;transform: translate(2px, -4px);&#8220; custom_css_after_last_edited=&#8220;on|phone&#8220; custom_css_after_phone=&#8220;content: &#8220;;&#8220; custom_css_after_tablet=&#8220;content: url(\/wp-content\/uploads\/2025\/09\/Zoot-up-arrow-icon_PC.svg);||display: block;||height: 24px;||position: absolute;||right: 30px;||bottom: 20px;||transition: transform 0.3s ease, opacity 0.3s ease;&#8220;]<\/p>\n<p class=\"p1\">Praxisbeispiele zeigen, wie Zoot Onboarding, Entscheidungsqualit\u00e4t und Gesch\u00e4ftsergebnisse sp\u00fcrbar verbessert.<\/p>\n<p>[\/dsm_card][dsm_card title=&#8220;News &#038; Events&#8220; layout=&#8220;inline&#8220; layout_inline_image_width=&#8220;144px&#8220; image=&#8220;https:\/\/www.zootsolutions.eu\/wp-content\/uploads\/2026\/01\/News_Resources.webp&#8220; image_as_background=&#8220;off&#8220; image_width=&#8220;144px&#8220; stretch_image=&#8220;off&#8220; badge_padding=&#8220;|15px|7px|15px|false|false&#8220; content_padding=&#8220;0px|0px|0px|20px|false|false&#8220; button_url_new_window=&#8220;1&#8243; layout_tablet=&#8220;inline&#8220; layout_phone=&#8220;stacked&#8220; layout_last_edited=&#8220;on|desktop&#8220; layout_inline_image_width_last_edited=&#8220;off|desktop&#8220; image_alignment_tablet=&#8220;&#8220; image_alignment_phone=&#8220;center&#8220; image_alignment_last_edited=&#8220;on|phone&#8220; content_padding_tablet=&#8220;0px|0px|0px|20px|false|false&#8220; content_padding_phone=&#8220;20px|0px|0px|0px|false|false&#8220; content_padding_last_edited=&#8220;on|phone&#8220; admin_label=&#8220;Payments Card&#8220; module_class=&#8220;horzCard &#8220; _builder_version=&#8220;4.27.5&#8243; _module_preset=&#8220;default&#8220; header_font=&#8220;Museo Sans &#8211; Bold||||||||&#8220; header_text_color=&#8220;#293868&#8243; header_font_size=&#8220;1.6rem&#8220; header_line_height=&#8220;2.4rem&#8220; body_font=&#8220;Museo Sans &#8211; Regular||||||||&#8220; body_text_color=&#8220;#293868&#8243; body_font_size=&#8220;1.4rem&#8220; body_line_height=&#8220;2rem&#8220; background_color=&#8220;#F9FAFB&#8220; custom_button=&#8220;on&#8220; custom_margin=&#8220;||||false|false&#8220; custom_padding=&#8220;8px|10px|8px|10px|true|true&#8220; link_option_url=&#8220;\/de\/ressourcen\/news-events\/&#8220; header_text_align_tablet=&#8220;&#8220; header_text_align_phone=&#8220;center&#8220; header_text_align_last_edited=&#8220;on|phone&#8220; body_text_align_tablet=&#8220;&#8220; body_text_align_phone=&#8220;center&#8220; body_text_align_last_edited=&#8220;on|phone&#8220; custom_css_after=&#8220;content: url(\/wp-content\/uploads\/2025\/09\/Zoot-up-arrow-icon_PC.svg);||display: block;||height: 24px;||position: absolute;||right: 30px;||bottom: 20px;||transition: transform 0.3s ease, opacity 0.3s ease;&#8220; custom_css_free_form=&#8220;@media only screen and (max-width: 767px) {||  selector .dsm_card_description {||  width: 100%;||}||}&#8220; border_radii=&#8220;on|8px|8px|8px|8px&#8220; border_radii_image=&#8220;on|8px|8px|8px|8px&#8220; global_colors_info=&#8220;{}&#8220; button_bg_color__hover_enabled=&#8220;off|desktop&#8220; custom_css_after__hover_enabled=&#8220;on|desktop&#8220; custom_css_after__hover=&#8220;transform: translate(2px, -4px);&#8220; custom_css_after_last_edited=&#8220;on|phone&#8220; custom_css_after_phone=&#8220;content: &#8220;;&#8220; custom_css_after_tablet=&#8220;content: url(\/wp-content\/uploads\/2025\/09\/Zoot-up-arrow-icon_PC.svg);||display: block;||height: 24px;||position: absolute;||right: 30px;||bottom: 20px;||transition: transform 0.3s ease, opacity 0.3s ease;&#8220;]<\/p>\n<p>Bleibe informiert \u00fcber Pressemitteilungen, Produktneuigkeiten, Partnerschaften und wichtige Meilensteine von Zoot.<\/p>\n<p>[\/dsm_card][\/et_pb_column][et_pb_column type=&#8220;1_2&#8243; _builder_version=&#8220;4.27.4&#8243; _module_preset=&#8220;default&#8220; custom_padding=&#8220;||||false|false&#8220; global_colors_info=&#8220;{}&#8220;][dsm_card title=&#8220;Insights Hub&#8220; layout=&#8220;inline&#8220; layout_inline_image_width=&#8220;144px&#8220; image=&#8220;https:\/\/www.zootsolutions.eu\/wp-content\/uploads\/2025\/10\/Insights.webp&#8220; image_as_background=&#8220;off&#8220; image_width=&#8220;144px&#8220; stretch_image=&#8220;off&#8220; badge_padding=&#8220;|15px|7px|15px|false|false&#8220; content_padding=&#8220;0px|0px|0px|20px|false|false&#8220; button_url_new_window=&#8220;1&#8243; layout_tablet=&#8220;inline&#8220; layout_phone=&#8220;stacked&#8220; layout_last_edited=&#8220;on|desktop&#8220; layout_inline_image_width_last_edited=&#8220;off|desktop&#8220; image_alignment_tablet=&#8220;&#8220; image_alignment_phone=&#8220;center&#8220; image_alignment_last_edited=&#8220;on|phone&#8220; content_padding_tablet=&#8220;0px|0px|0px|20px|false|false&#8220; content_padding_phone=&#8220;20px|0px|0px|20px|false|false&#8220; content_padding_last_edited=&#8220;on|phone&#8220; admin_label=&#8220;Retail &#038; E-commerce Card&#8220; module_class=&#8220;horzCard &#8220; _builder_version=&#8220;4.27.5&#8243; _module_preset=&#8220;default&#8220; header_font=&#8220;Museo Sans &#8211; Bold||||||||&#8220; header_text_color=&#8220;#293868&#8243; header_font_size=&#8220;1.6rem&#8220; header_line_height=&#8220;2.4rem&#8220; body_font=&#8220;Museo Sans &#8211; Regular||||||||&#8220; body_text_color=&#8220;#293868&#8243; body_font_size=&#8220;1.4rem&#8220; body_line_height=&#8220;2rem&#8220; background_color=&#8220;#F9FAFB&#8220; custom_button=&#8220;on&#8220; custom_margin=&#8220;||||false|false&#8220; custom_padding=&#8220;8px|10px|8px|10px|true|true&#8220; link_option_url=&#8220;\/de\/ressourcen\/insights\/&#8220; header_text_align_tablet=&#8220;&#8220; header_text_align_phone=&#8220;center&#8220; header_text_align_last_edited=&#8220;on|phone&#8220; body_text_align_tablet=&#8220;&#8220; body_text_align_phone=&#8220;center&#8220; body_text_align_last_edited=&#8220;on|phone&#8220; custom_css_after=&#8220;content: url(\/wp-content\/uploads\/2025\/09\/Zoot-up-arrow-icon_PC.svg);||display: block;||height: 24px;||position: absolute;||right: 30px;||bottom: 20px;||transition: transform 0.3s ease, opacity 0.3s ease;&#8220; custom_css_free_form=&#8220;@media only screen and (max-width: 767px) {||  selector .dsm_card_description {||  width: 100%;||}||}&#8220; border_radii=&#8220;on|8px|8px|8px|8px&#8220; border_radii_image=&#8220;on|8px|8px|8px|8px&#8220; global_colors_info=&#8220;{}&#8220; button_bg_color__hover_enabled=&#8220;off|desktop&#8220; custom_css_after__hover_enabled=&#8220;on|desktop&#8220; custom_css_after__hover=&#8220;transform: translate(2px, -4px);&#8220; custom_css_after_last_edited=&#8220;on|phone&#8220; custom_css_after_phone=&#8220;content: &#8220;;&#8220; custom_css_after_tablet=&#8220;content: url(\/wp-content\/uploads\/2025\/09\/Zoot-up-arrow-icon_PC.svg);||display: block;||height: 24px;||position: absolute;||right: 30px;||bottom: 20px;||transition: transform 0.3s ease, opacity 0.3s ease;&#8220;]<\/p>\n<p>Entdecke Artikel, Trends und Expertenmeinungen zu Onboarding, Kreditvergabe, Betrugspr\u00e4vention und Innovationen im Finanzsektor.<\/p>\n<p>[\/dsm_card][dsm_card title=&#8220;Datenanbieter&#8220; layout=&#8220;inline&#8220; layout_inline_image_width=&#8220;144px&#8220; image=&#8220;https:\/\/www.zootsolutions.eu\/wp-content\/uploads\/2026\/01\/Data-Providers.webp&#8220; image_as_background=&#8220;off&#8220; image_width=&#8220;144px&#8220; stretch_image=&#8220;off&#8220; badge_padding=&#8220;|15px|7px|15px|false|false&#8220; content_padding=&#8220;0px|0px|0px|20px|false|false&#8220; button_url_new_window=&#8220;1&#8243; layout_tablet=&#8220;inline&#8220; layout_phone=&#8220;stacked&#8220; layout_last_edited=&#8220;on|desktop&#8220; layout_inline_image_width_last_edited=&#8220;off|desktop&#8220; image_alignment_tablet=&#8220;&#8220; image_alignment_phone=&#8220;center&#8220; image_alignment_last_edited=&#8220;on|phone&#8220; content_padding_tablet=&#8220;0px|0px|0px|20px|false|false&#8220; content_padding_phone=&#8220;20px|0px|0px|0px|false|false&#8220; content_padding_last_edited=&#8220;on|phone&#8220; admin_label=&#8220;Payments Card&#8220; module_class=&#8220;horzCard &#8220; _builder_version=&#8220;4.27.5&#8243; _module_preset=&#8220;default&#8220; header_font=&#8220;Museo Sans &#8211; Bold||||||||&#8220; header_text_color=&#8220;#293868&#8243; header_font_size=&#8220;1.6rem&#8220; header_line_height=&#8220;2.4rem&#8220; body_font=&#8220;Museo Sans &#8211; Regular||||||||&#8220; body_text_color=&#8220;#293868&#8243; body_font_size=&#8220;1.4rem&#8220; body_line_height=&#8220;2rem&#8220; background_color=&#8220;#F9FAFB&#8220; custom_button=&#8220;on&#8220; custom_margin=&#8220;||||false|false&#8220; custom_padding=&#8220;8px|10px|8px|10px|true|true&#8220; link_option_url=&#8220;\/de\/ressourcen\/data-providers\/&#8220; header_text_align_tablet=&#8220;&#8220; header_text_align_phone=&#8220;center&#8220; header_text_align_last_edited=&#8220;on|phone&#8220; body_text_align_tablet=&#8220;&#8220; body_text_align_phone=&#8220;center&#8220; body_text_align_last_edited=&#8220;on|phone&#8220; custom_css_after=&#8220;content: url(\/wp-content\/uploads\/2025\/09\/Zoot-up-arrow-icon_PC.svg);||display: block;||height: 24px;||position: absolute;||right: 30px;||bottom: 20px;||transition: transform 0.3s ease, opacity 0.3s ease;&#8220; custom_css_free_form=&#8220;@media only screen and (max-width: 767px) {||  selector .dsm_card_description {||  width: 100%;||}||}&#8220; border_radii=&#8220;on|8px|8px|8px|8px&#8220; border_radii_image=&#8220;on|8px|8px|8px|8px&#8220; global_colors_info=&#8220;{}&#8220; button_bg_color__hover_enabled=&#8220;off|desktop&#8220; custom_css_after__hover_enabled=&#8220;on|desktop&#8220; custom_css_after__hover=&#8220;transform: translate(2px, -4px);&#8220; custom_css_after_last_edited=&#8220;on|phone&#8220; custom_css_after_phone=&#8220;content: &#8220;;&#8220; custom_css_after_tablet=&#8220;content: url(\/wp-content\/uploads\/2025\/09\/Zoot-up-arrow-icon_PC.svg);||display: block;||height: 24px;||position: absolute;||right: 30px;||bottom: 20px;||transition: transform 0.3s ease, opacity 0.3s ease;&#8220;]<\/p>\n<p>Erfahre mehr \u00fcber die in die Zoot-Plattform integrierten Datenanbieter f\u00fcr Identit\u00e4tspr\u00fcfung, Risikobewertung und Compliance.<\/p>\n<p>[\/dsm_card][\/et_pb_column][\/et_pb_row][\/et_pb_section][et_pb_section fb_built=&#8220;1&#8243; _builder_version=&#8220;4.27.4&#8243; _module_preset=&#8220;default&#8220; background_color=&#8220;#231f20&#8243; custom_padding=&#8220;48px||48px||false|false&#8220; global_colors_info=&#8220;{}&#8220;][et_pb_row column_structure=&#8220;2_3,1_3&#8243; use_custom_gutter=&#8220;on&#8220; gutter_width=&#8220;1&#8243; make_equal=&#8220;on&#8220; _builder_version=&#8220;4.27.4&#8243; _module_preset=&#8220;default&#8220; width=&#8220;100%&#8220; max_width=&#8220;1280px&#8220; custom_padding=&#8220;0px|32px|0px|32px|false|false&#8220; global_colors_info=&#8220;{}&#8220;][et_pb_column type=&#8220;2_3&#8243; _builder_version=&#8220;4.27.4&#8243; _module_preset=&#8220;default&#8220; custom_padding_tablet=&#8220;||16px||false|false&#8220; custom_padding_phone=&#8220;||||false|false&#8220; custom_padding_last_edited=&#8220;on|desktop&#8220; custom_css_main_element=&#8220;margin: auto;&#8220; global_colors_info=&#8220;{}&#8220; custom_css_main_element_last_edited=&#8220;off|desktop&#8220;][et_pb_text admin_label=&#8220;CTA Text&#8220; _builder_version=&#8220;4.27.4&#8243; _module_preset=&#8220;default&#8220; text_font=&#8220;Museo Sans &#8211; Semibold||||||||&#8220; text_text_color=&#8220;#ffffff&#8220; text_font_size=&#8220;2rem&#8220; text_line_height=&#8220;2.8rem&#8220; custom_margin=&#8220;||0px||false|false&#8220; custom_padding_tablet=&#8220;&#8220; custom_padding_phone=&#8220;||32px||false|false&#8220; custom_padding_last_edited=&#8220;on|phone&#8220; global_colors_info=&#8220;{}&#8220;]<\/p>\n<p>Bereit zu automatisieren, genehmigen und besser zu performen?<\/p>\n<p>[\/et_pb_text][\/et_pb_column][et_pb_column type=&#8220;1_3&#8243; _builder_version=&#8220;4.27.4&#8243; _module_preset=&#8220;default&#8220; background_enable_color=&#8220;off&#8220; custom_padding_tablet=&#8220;16px||||false|false&#8220; custom_padding_phone=&#8220;0px||||false|false&#8220; custom_padding_last_edited=&#8220;on|phone&#8220; custom_css_main_element=&#8220;display: flex;||gap: 10px;||justify-content: flex-end;&#8220; global_colors_info=&#8220;{}&#8220; custom_css_main_element_last_edited=&#8220;on|desktop&#8220; custom_css_main_element_tablet=&#8220;display: flex;||gap: 10px;||justify-content: flex-start;&#8220; custom_css_main_element_phone=&#8220;display: flex;||justify-content: flex-end;||gap: 10px;&#8220;][et_pb_button button_url=&#8220;\/de\/demo\/&#8220; button_text=&#8220;Demo buchen&#8220; admin_label=&#8220;Book a Demo Btn&#8220; _builder_version=&#8220;4.27.5&#8243; _module_preset=&#8220;default&#8220; custom_button=&#8220;on&#8220; button_text_size=&#8220;1.6rem&#8220; button_text_color=&#8220;#c7dbff&#8220; button_bg_color=&#8220;#333333&#8243; button_border_width=&#8220;1px&#8220; button_border_color=&#8220;#4b4b4b&#8220; button_border_radius=&#8220;4px&#8220; button_font=&#8220;Mulish|700|||||||&#8220; button_use_icon=&#8220;off&#8220; custom_margin=&#8220;||0px||false|false&#8220; custom_padding=&#8220;6.4px|16px|6.4px|16px|true|true&#8220; global_colors_info=&#8220;{}&#8220; button_bg_color__hover_enabled=&#8220;on|hover&#8220; button_bg_color__hover=&#8220;#333333&#8243; button_bg_enable_color__hover=&#8220;on&#8220;][\/et_pb_button][et_pb_button button_url=&#8220;\/de\/kontaktieren-sie-uns\/&#8220; button_text=&#8220;Kontakt aufnehmen&#8220; admin_label=&#8220;Talk to Our Experts Btn&#8220; _builder_version=&#8220;4.27.5&#8243; _module_preset=&#8220;default&#8220; custom_button=&#8220;on&#8220; button_text_size=&#8220;1.6rem&#8220; button_text_color=&#8220;#ffffff&#8220; button_bg_color=&#8220;#00adee&#8220; button_border_width=&#8220;1px&#8220; button_border_color=&#8220;#00adee&#8220; button_border_radius=&#8220;4px&#8220; button_font=&#8220;Mulish|700|||||||&#8220; button_use_icon=&#8220;off&#8220; custom_margin=&#8220;||0px||false|false&#8220; custom_padding=&#8220;6.4px|16px|6.4px|16px|true|true&#8220; global_colors_info=&#8220;{}&#8220; button_bg_color__hover_enabled=&#8220;on|desktop&#8220; button_bg_color__hover=&#8220;#00adee&#8220;][\/et_pb_button][\/et_pb_column][\/et_pb_row][\/et_pb_section]<\/p>\n","protected":false},"excerpt":{"rendered":"<p>Ganz gleich, ob Sie Whitepaper, Briefs, Blogartikel, Videos oder andere wertvolle Inhalte suchen \u2013 hier sind Sie richtig. Unsere umfangreiche Ressourcenbibliothek bietet Ihnen fundierte Einblicke und unterst\u00fctzt Sie dabei, fundierte Entscheidungen zu treffen. <\/p>\n","protected":false},"author":2,"featured_media":0,"parent":0,"menu_order":4,"comment_status":"closed","ping_status":"closed","template":"","meta":{"_acf_changed":false,"_et_pb_use_builder":"on","_et_pb_old_content":"","_et_gb_content_width":"","content-type":"","iawp_total_views":8,"footnotes":""},"class_list":["post-7140","page","type-page","status-publish","hentry"],"acf":[],"_links":{"self":[{"href":"https:\/\/www.zootsolutions.eu\/de\/wp-json\/wp\/v2\/pages\/7140","targetHints":{"allow":["GET"]}}],"collection":[{"href":"https:\/\/www.zootsolutions.eu\/de\/wp-json\/wp\/v2\/pages"}],"about":[{"href":"https:\/\/www.zootsolutions.eu\/de\/wp-json\/wp\/v2\/types\/page"}],"author":[{"embeddable":true,"href":"https:\/\/www.zootsolutions.eu\/de\/wp-json\/wp\/v2\/users\/2"}],"replies":[{"embeddable":true,"href":"https:\/\/www.zootsolutions.eu\/de\/wp-json\/wp\/v2\/comments?post=7140"}],"version-history":[{"count":2,"href":"https:\/\/www.zootsolutions.eu\/de\/wp-json\/wp\/v2\/pages\/7140\/revisions"}],"predecessor-version":[{"id":11220,"href":"https:\/\/www.zootsolutions.eu\/de\/wp-json\/wp\/v2\/pages\/7140\/revisions\/11220"}],"wp:attachment":[{"href":"https:\/\/www.zootsolutions.eu\/de\/wp-json\/wp\/v2\/media?parent=7140"}],"curies":[{"name":"wp","href":"https:\/\/api.w.org\/{rel}","templated":true}]}}